{"id":232559,"date":"2023-05-10T09:06:36","date_gmt":"2023-05-10T08:06:36","guid":{"rendered":"https:\/\/camera.ictwello.nl\/product\/google-nest-wifi-wit\/"},"modified":"2023-05-10T13:33:26","modified_gmt":"2023-05-10T12:33:26","slug":"google-nest-wifi-wit","status":"publish","type":"product","link":"https:\/\/camera.ictwello.nl\/?product=google-nest-wifi-wit","title":{"rendered":"Google Nest Wifi Wit"},"content":{"rendered":"<p>Nest Wifi is een eenvoudig uit te breiden en flexibel Wi-Fi-systeem dat in elke kamer een snelle, betrouwbare verbinding biedt.<\/p>\n<p>Met slechts \u00e9\u00e9n Nest Wifi router en \u00e9\u00e9n Nest Wifi access point kun je aangesloten apparaten in huis bedienen en meerdere 4K video&#8217;s tegelijk streamen.<\/p>\n<p>De router maakt via een ethernetkabel verbinding met de modem van je ISP voor snelle, betrouwbare wifi.<\/p>\n<p>Het Wifi-toegangspunt breidt het Wi-Fi-bereik in je huis uit. Het is ook een spraakgestuurde speaker waarmee je muziek kunt afspelen en snel hulp kunt krijgen van Google Assistant.<\/p>\n<p>Ongeacht de grootte van je huis, met Nest Wifi heb je overal dekking. Met extra Nest Wifi-toegangspunten kun je de dekking en het bereik van je netwerk uitbreiden als dat nodig is.<\/p>\n<p>Het Nest Wifi access point bevat een speaker met Google Assistant. Zo kun je muziek afspelen, je wifi beheren, antwoorden krijgen op vragen en je aangesloten apparaten bedienen &#8211; allemaal met spraakopdrachten.<\/p>\n","protected":false},"excerpt":{"rendered":"<p>Google Nest Wifi Router + Point<\/p>\n","protected":false},"featured_media":236571,"comment_status":"open","ping_status":"closed","template":"","meta":{"_et_pb_use_builder":"","_et_pb_old_content":"","_et_gb_content_width":""},"product_brand":[],"product_cat":[165,78],"product_tag":[277],"class_list":{"0":"post-232559","1":"product","2":"type-product","3":"status-publish","4":"has-post-thumbnail","6":"product_cat-draadloze-toegangspunten-waps","7":"product_cat-netwerk","8":"product_tag-new","10":"first","11":"outofstock","12":"taxable","13":"shipping-taxable","14":"purchasable","15":"product-type-simple"},"_links":{"self":[{"href":"https:\/\/camera.ictwello.nl\/index.php?rest_route=\/wp\/v2\/product\/232559","targetHints":{"allow":["GET"]}}],"collection":[{"href":"https:\/\/camera.ictwello.nl\/index.php?rest_route=\/wp\/v2\/product"}],"about":[{"href":"https:\/\/camera.ictwello.nl\/index.php?rest_route=\/wp\/v2\/types\/product"}],"replies":[{"embeddable":true,"href":"https:\/\/camera.ictwello.nl\/index.php?rest_route=%2Fwp%2Fv2%2Fcomments&post=232559"}],"wp:featuredmedia":[{"embeddable":true,"href":"https:\/\/camera.ictwello.nl\/index.php?rest_route=\/wp\/v2\/media\/236571"}],"wp:attachment":[{"href":"https:\/\/camera.ictwello.nl\/index.php?rest_route=%2Fwp%2Fv2%2Fmedia&parent=232559"}],"wp:term":[{"taxonomy":"product_brand","embeddable":true,"href":"https:\/\/camera.ictwello.nl\/index.php?rest_route=%2Fwp%2Fv2%2Fproduct_brand&post=232559"},{"taxonomy":"product_cat","embeddable":true,"href":"https:\/\/camera.ictwello.nl\/index.php?rest_route=%2Fwp%2Fv2%2Fproduct_cat&post=232559"},{"taxonomy":"product_tag","embeddable":true,"href":"https:\/\/camera.ictwello.nl\/index.php?rest_route=%2Fwp%2Fv2%2Fproduct_tag&post=232559"}],"curies":[{"name":"wp","href":"https:\/\/api.w.org\/{rel}","templated":true}]}}