{"id":232568,"date":"2023-05-10T09:06:39","date_gmt":"2023-05-10T08:06:39","guid":{"rendered":"https:\/\/camera.ictwello.nl\/product\/google-chromecast-usb-hd-android-wit\/"},"modified":"2023-05-10T13:33:26","modified_gmt":"2023-05-10T12:33:26","slug":"google-chromecast-usb-hd-android-wit","status":"publish","type":"product","link":"https:\/\/camera.ictwello.nl\/?product=google-chromecast-usb-hd-android-wit","title":{"rendered":"Google Chromecast USB HD Android Wit"},"content":{"rendered":"<p>Vind al je favorieten op \u00e9\u00e9n startscherm: Ontdek films en tv-programma&#8217;s van al je diensten op \u00e9\u00e9n plek. Minder zoeken, meer kijken.<\/p>\n<p>Krijg suggesties voor shows, films en meer: Ontvang aanbevelingen zodat je altijd iets leuks te zien hebt.<\/p>\n<p>Gebruik je stem om entertainment te vinden: Druk op de Google Assistant-knop op de afstandsbediening om naar specifieke shows te vragen &#8211; of zoek op genre, acteur en meer.<\/p>\n<p>Voeg direct vanuit je Google-zoekopdracht toe aan een watchlist:<br \/>\nWanneer je een interessante show of film op tv of in een Google-zoekopdracht ziet, voeg je deze toe aan jouw watchlist.<\/p>\n<p>Organiseer gezinsvriendelijke keuzes met kinderprofielen: Beperk het entertainment en welke streamingdiensten worden weergegeven, kies uit speelse avatars en thema&#8217;s en beperk de kijktijd.<\/p>\n<p>Geniet van YouTube op het grote scherm: Bekijk waar de wereld naar kijkt &#8211; van de populairste muziekvideo&#8217;s tot wat populair is op het gebied van games, fitness, films en meer.<\/p>\n<p>Stream in prachtige beeldkwaliteit: Verander jouw woonkamer in een bioscoop met kristalheldere 4K of briljante 1080p.<\/p>\n<p>Beheer aangesloten apparaten vanaf de bank. Vraag Google om de lichten te dimmen of de camerabeelden van de achtertuin te tonen, zonder op te staan.<\/p>\n<p>Bedien jouw tv handsfree: Kun je de afstandsbediening niet vinden? Vraag Google op jouw Nest-luidsprekers en -displays om de tv en meer aan te zetten.<\/p>\n<p>Verhoog het geluid rondom: Groepeer Chromecast met je Nest-luidsprekers of -displays om je huis met geluid te vullen. Bedien ze vervolgens met de app of alleen met je stem.<\/p>\n<p>Gebruik je telefoon om te casten naar het grote scherm: Cast vanuit duizenden compatibele Android- en iOS-apps rechtstreeks vanaf jouw telefoon, laptop of tablet. En spiegel jouw Chrome-browsertabblad naar jouw tv.<\/p>\n<p>Herbeleef favoriete herinneringen via Google Foto&#8217;s op TV: Geniet van een diavoorstelling van jouw foto&#8217;s uit jouw Google Foto&#8217;s-bibliotheek, rechtstreeks op jouw tv.<\/p>\n<p>Gemaakt voor eenvoudige installatie: Sluit Chromecast aan op de HDMI-poort van jouw tv, maak verbinding met Wi-Fi en begin met streamen. Of gebruik de optionele Ethernet-adapter om verbinding te maken met jouw router.<\/p>\n<p>Gebouwd met het milieu in gedachten: Omdat Chromecast bestaande tv&#8217;s nieuw leven inblaast, helpt het afval uit de vuilnisbelt te houden. 49% van het gewicht van het plastic onderdeel is gemaakt van gerecycled materiaal.<\/p>\n","protected":false},"excerpt":{"rendered":"<p>Google TV HD Chromecast Android Wit<\/p>\n","protected":false},"featured_media":236580,"comment_status":"open","ping_status":"closed","template":"","meta":{"_et_pb_use_builder":"","_et_pb_old_content":"","_et_gb_content_width":""},"product_brand":[],"product_cat":[242,75],"product_tag":[277],"class_list":{"0":"post-232568","1":"product","2":"type-product","3":"status-publish","4":"has-post-thumbnail","6":"product_cat-smart-tv-dongles","7":"product_cat-beeld-en-geluid","8":"product_tag-new","10":"first","11":"instock","12":"taxable","13":"shipping-taxable","14":"purchasable","15":"product-type-simple"},"_links":{"self":[{"href":"https:\/\/camera.ictwello.nl\/index.php?rest_route=\/wp\/v2\/product\/232568","targetHints":{"allow":["GET"]}}],"collection":[{"href":"https:\/\/camera.ictwello.nl\/index.php?rest_route=\/wp\/v2\/product"}],"about":[{"href":"https:\/\/camera.ictwello.nl\/index.php?rest_route=\/wp\/v2\/types\/product"}],"replies":[{"embeddable":true,"href":"https:\/\/camera.ictwello.nl\/index.php?rest_route=%2Fwp%2Fv2%2Fcomments&post=232568"}],"wp:featuredmedia":[{"embeddable":true,"href":"https:\/\/camera.ictwello.nl\/index.php?rest_route=\/wp\/v2\/media\/236580"}],"wp:attachment":[{"href":"https:\/\/camera.ictwello.nl\/index.php?rest_route=%2Fwp%2Fv2%2Fmedia&parent=232568"}],"wp:term":[{"taxonomy":"product_brand","embeddable":true,"href":"https:\/\/camera.ictwello.nl\/index.php?rest_route=%2Fwp%2Fv2%2Fproduct_brand&post=232568"},{"taxonomy":"product_cat","embeddable":true,"href":"https:\/\/camera.ictwello.nl\/index.php?rest_route=%2Fwp%2Fv2%2Fproduct_cat&post=232568"},{"taxonomy":"product_tag","embeddable":true,"href":"https:\/\/camera.ictwello.nl\/index.php?rest_route=%2Fwp%2Fv2%2Fproduct_tag&post=232568"}],"curies":[{"name":"wp","href":"https:\/\/api.w.org\/{rel}","templated":true}]}}