{"id":233,"date":"2023-01-05T13:31:38","date_gmt":"2023-01-05T13:31:38","guid":{"rendered":"https:\/\/camera.ictwello.nl\/?post_type=product&#038;p=233"},"modified":"2023-01-06T22:27:10","modified_gmt":"2023-01-06T22:27:10","slug":"4mp-full-hd-turret-poe-ir-leds","status":"publish","type":"product","link":"https:\/\/camera.ictwello.nl\/?product=4mp-full-hd-turret-poe-ir-leds","title":{"rendered":"4MP Full HD Turret PoE IR-Leds"},"content":{"rendered":"<p>De Hikvision DS-2CD1343G0-I 2.8mm 4mp 4MP vaste turret plafondcamera is uitgerust met een 4mp 1\/3\u2033 CMOS-sensor die een goede videodekking biedt, zelfs bij weinig licht.<\/p>\n<p>Samen met een IR-verlichting, met een bereik tot 30m, kan de Hikvision DS-2CD1343G0-I 2.8mm 4mp 4MP vaste dome netwerkcamera ook in volledige duisternis werken. De 2.8mm lens heeft een kijkhoek van 100\u00b0. De IP67-geclassificeerde behuizing van de Hikvision DS-2CD1343G0-I 2.8mm 4mp 4MP vaste turret netwerkcamera beschermt de elektronica tegen ongunstige weersomstandigheden.<\/p>\n<p>De Hikvision DS-2CD1343G0-I 2.8mm 4mp 4MP vaste turret netwerkcamera behoort tot een nieuwe EasyIP Lite-serie die wordt gekenmerkt door hoge prestaties en een betaalbare prijs. De serie ondersteunt bewegings- en videomanipulatiedetectie.<\/p>\n<p>De camera\u2019s uit de serie bieden ook corridor-modus en de mogelijkheid om \u00e9\u00e9n Region of Interest (ROI) te defini\u00ebren.<\/p>\n<p>Hik-Connect is een mobiele applicatie, bedoeld voor smartphones met Android- of iOS-besturingssystemen. Het kan worden gebruikt voor het op afstand live bekijken van beelden van DVR\u2019s, NVR\u2019s, netwerkcamera\u2019s via Wi-Fi, 2G- of 3G-netwerken en voor het afspelen van opgenomen videobestanden.<\/p>\n<p>De mate van bescherming (IK-classificatie) die wordt geboden door behuizingen voor elektrische apparatuur tegen externe mechanische invloeden is gedefinieerd in de norm EN 62262. De norm EN 62262:2003 specificeert de voorwaarden van de testprocedure. De K17266-camera voldoet aan de slagvastheidsclassificatie IK10 voor extreme mechanische sterkte.<\/p>\n<p>De camera kan conventioneel worden gevoed via een 12 VDC-bron of met behulp van PoE-optie (802.3af).<\/p>\n","protected":false},"excerpt":{"rendered":"<p><b>Voor en nadelen<\/b><\/p>\n<p>+\u00a0 \u00a0 Hoge resolutie lens!<\/p>\n<p><i class=\"icon-plus\"><\/i>+\u00a0 \u00a0 Klein formaat<\/p>\n<p><i class=\"icon-min\"><\/i>&#8211;\u00a0 \u00a0 Minder goed nachtzicht dan zijn grote broers.<\/p>\n<div class=\"d-flex align-items-center\">\n<p class=\"check\"><a href=\"https:\/\/camera.ictwello.nl\/wp-content\/uploads\/2023\/01\/DS-2CD1343G0-IUF-C_Datasheet_V5.5.120_20220512.pdf\">Product Info<\/a><\/p>\n<\/div>\n<p>&nbsp;<\/p>\n","protected":false},"featured_media":237,"comment_status":"open","ping_status":"closed","template":"","meta":{"_et_pb_use_builder":"","_et_pb_old_content":"","_et_gb_content_width":""},"product_brand":[],"product_cat":[63],"product_tag":[22],"class_list":{"0":"post-233","1":"product","2":"type-product","3":"status-publish","4":"has-post-thumbnail","6":"product_cat-turret-4mp","7":"product_tag-22","9":"first","10":"instock","11":"sale","12":"taxable","13":"shipping-taxable","14":"purchasable","15":"product-type-simple"},"_links":{"self":[{"href":"https:\/\/camera.ictwello.nl\/index.php?rest_route=\/wp\/v2\/product\/233","targetHints":{"allow":["GET"]}}],"collection":[{"href":"https:\/\/camera.ictwello.nl\/index.php?rest_route=\/wp\/v2\/product"}],"about":[{"href":"https:\/\/camera.ictwello.nl\/index.php?rest_route=\/wp\/v2\/types\/product"}],"replies":[{"embeddable":true,"href":"https:\/\/camera.ictwello.nl\/index.php?rest_route=%2Fwp%2Fv2%2Fcomments&post=233"}],"wp:featuredmedia":[{"embeddable":true,"href":"https:\/\/camera.ictwello.nl\/index.php?rest_route=\/wp\/v2\/media\/237"}],"wp:attachment":[{"href":"https:\/\/camera.ictwello.nl\/index.php?rest_route=%2Fwp%2Fv2%2Fmedia&parent=233"}],"wp:term":[{"taxonomy":"product_brand","embeddable":true,"href":"https:\/\/camera.ictwello.nl\/index.php?rest_route=%2Fwp%2Fv2%2Fproduct_brand&post=233"},{"taxonomy":"product_cat","embeddable":true,"href":"https:\/\/camera.ictwello.nl\/index.php?rest_route=%2Fwp%2Fv2%2Fproduct_cat&post=233"},{"taxonomy":"product_tag","embeddable":true,"href":"https:\/\/camera.ictwello.nl\/index.php?rest_route=%2Fwp%2Fv2%2Fproduct_tag&post=233"}],"curies":[{"name":"wp","href":"https:\/\/api.w.org\/{rel}","templated":true}]}}