{"id":233528,"date":"2023-05-10T09:21:27","date_gmt":"2023-05-10T08:21:27","guid":{"rendered":"https:\/\/camera.ictwello.nl\/product\/logitech-m720-muis-rechtshandig-rf-draadloos-bluetooth-optisch-1000-dpi\/"},"modified":"2023-05-10T10:40:12","modified_gmt":"2023-05-10T09:40:12","slug":"logitech-m720-muis-rechtshandig-rf-draadloos-bluetooth-optisch-1000-dpi","status":"publish","type":"product","link":"https:\/\/camera.ictwello.nl\/?product=logitech-m720-muis-rechtshandig-rf-draadloos-bluetooth-optisch-1000-dpi","title":{"rendered":"Logitech M720 muis Rechtshandig RF draadloos + Bluetooth Optisch 1000 DPI"},"content":{"rendered":"<p>Ontworpen voor duurzaamheid, veelzijdigheid en comfort<br \/>\nBoek succes met de M720 Triathlon Mouse in een wereld waarin steeds meer apparaten worden gebruikt. U stoomt door uw taken door naadloos tussen 3 computers te wisselen, en vliegt door documenten en webpagina&#8217;s dankzij supersnel scrollen. Verhoogde effici\u00ebntie betekent dat deze Bluetooth\u00ae- en Unifying-muis tot 24 maanden lang werkt op \u00e9\u00e9n enkele AA-batterij. En dat alles in een middelgrote vorm die comfortabel onder uw hand past.<\/p>\n<p>Easy-Switch-technologie<br \/>\nKoppel uw muis met drie computers en schakel dan naadloos tussen deze apparaten door gewoon op de knop te drukken die handig onder uw duim is geplaatst. De drie verlichte nummers geven altijd aan met welk apparaat u bent verbonden.<\/p>\n<p>Supersnel scrollen<br \/>\nVlieg door lange documenten en webpagina&#8217;s met een draai van het wiel (en stop meteen), of schakel naar kliksgewijs scrollen wanneer precisie is vereist.<\/p>\n<p>Duurzaam, gerond ontwerp<br \/>\nMet knoppen die tot 10 miljoen klikken kunnen weerstaan, heeft de M720 het uithoudingsvermogen van een atleet. Het extra grote ontwerp voor de rechterhand ligt prettig in uw handpalm, met een rubberoppervlak dat zacht aanvoelt.<\/p>\n<p>Batterijlevensduur van 24 maanden<br \/>\nProfiteer van de verhoogde effici\u00ebntie met 24 maanden vermogen op \u00e9\u00e9n enkele AA-batterij. Met de aan-uitschakelaar gaat de muis nog langer mee, en de indicator waarschuwt u wanneer de batterij leegraakt.<\/p>\n<p>Gepersonaliseerde productiviteit<br \/>\nOntdek alle mogelijkheden. Door de Logitech Options\u2122-software te downloaden kunt u alles naar wens op Mac\u00ae OS X en Windows\u00ae afstemmen. Maak taken en wijs ze toe aan knoppen met behulp van stapsgewijze instructies. Er is een handleiding beschikbaar waarin uw vragen worden beantwoord.<\/p>\n","protected":false},"excerpt":{"rendered":"<p>Logitech M720 muis RF draadloos + Bluetooth Optisch 1000 DPI<\/p>\n","protected":false},"featured_media":235961,"comment_status":"open","ping_status":"closed","template":"","meta":{"_et_pb_use_builder":"","_et_pb_old_content":"","_et_gb_content_width":""},"product_brand":[],"product_cat":[145,80],"product_tag":[277],"class_list":{"0":"post-233528","1":"product","2":"type-product","3":"status-publish","4":"has-post-thumbnail","6":"product_cat-muizen","7":"product_cat-invoerapparaten","8":"product_tag-new","10":"first","11":"instock","12":"taxable","13":"shipping-taxable","14":"purchasable","15":"product-type-simple"},"_links":{"self":[{"href":"https:\/\/camera.ictwello.nl\/index.php?rest_route=\/wp\/v2\/product\/233528","targetHints":{"allow":["GET"]}}],"collection":[{"href":"https:\/\/camera.ictwello.nl\/index.php?rest_route=\/wp\/v2\/product"}],"about":[{"href":"https:\/\/camera.ictwello.nl\/index.php?rest_route=\/wp\/v2\/types\/product"}],"replies":[{"embeddable":true,"href":"https:\/\/camera.ictwello.nl\/index.php?rest_route=%2Fwp%2Fv2%2Fcomments&post=233528"}],"wp:featuredmedia":[{"embeddable":true,"href":"https:\/\/camera.ictwello.nl\/index.php?rest_route=\/wp\/v2\/media\/235961"}],"wp:attachment":[{"href":"https:\/\/camera.ictwello.nl\/index.php?rest_route=%2Fwp%2Fv2%2Fmedia&parent=233528"}],"wp:term":[{"taxonomy":"product_brand","embeddable":true,"href":"https:\/\/camera.ictwello.nl\/index.php?rest_route=%2Fwp%2Fv2%2Fproduct_brand&post=233528"},{"taxonomy":"product_cat","embeddable":true,"href":"https:\/\/camera.ictwello.nl\/index.php?rest_route=%2Fwp%2Fv2%2Fproduct_cat&post=233528"},{"taxonomy":"product_tag","embeddable":true,"href":"https:\/\/camera.ictwello.nl\/index.php?rest_route=%2Fwp%2Fv2%2Fproduct_tag&post=233528"}],"curies":[{"name":"wp","href":"https:\/\/api.w.org\/{rel}","templated":true}]}}