{"id":233531,"date":"2023-05-10T09:21:28","date_gmt":"2023-05-10T08:21:28","guid":{"rendered":"https:\/\/camera.ictwello.nl\/product\/logitech-m220-silent-2\/"},"modified":"2023-05-10T13:42:12","modified_gmt":"2023-05-10T12:42:12","slug":"logitech-m220-silent-2","status":"publish","type":"product","link":"https:\/\/camera.ictwello.nl\/?product=logitech-m220-silent-2","title":{"rendered":"Logitech M220 Silent"},"content":{"rendered":"<p>Hetzelfde klikgevoel maar dan 90% stiller, in vergelijking met traditionele muizen biedt de M220 SILENT een stillere ervaring voor uzelf en de mensen om je heen. De M220 SILENT heeft een lange batterijlevensduur tot 18 maanden. De muis beschikt over een automatische slaapstand en een krachtig draadloos bereik van 10 meter met 128-bits codering tussen de muis en de ontvanger. Bovendien is het kleine formaat ideaal om mee te nemen. Sluit gewoon de kleine USB-ontvanger aan en hij werkt met Windows\u00ae, Mac, Chrome OS\u2122 of Linux\u00ae. Ten slotte zorgt Geavanceerde optische tracking van Logitech\u00ae voor nauwkeurige bewegingen op vrijwel elk oppervlak.<\/p>\n<p>Geniet van het geluid van de stilte. Hetzelfde klikgevoel maar dan 90% stiller.<br \/>\nVergelijking van geluidsniveau met Logitech M170. Gemeten door een onafhankelijk laboratorium en geverifieerd door Quiet Mark\u2122.<\/p>\n<p>Profiteer van een betrouwbare verbinding tot op 10 meter (33 ft) afstand dankzij de plug-and-forget nano-ontvanger. M220 SILENT is ook voorzien van geavanceerde optische tracking van Logitech\u00ae voor nauwkeurige bewegingen op vrijwel elk oppervlak.<br \/>\nHet daadwerkelijke draadloze bereik kan vari\u00ebren en is afhankelijk van gebruik, instellingen en omgevingsfactoren.<\/p>\n<p>De muis werkt tot 18 maanden op \u00e9\u00e9n batterij dankzij het energie-effici\u00ebnte ontwerp. Bovendien zet de M220 SILENT zichzelf automatisch in de slaapstand wanneer hij niet in gebruik is.<br \/>\nBatterijlevensduur kan vari\u00ebren, afhankelijk van gebruik.<\/p>\n<p>Het symmetrische ontwerp biedt meer comfort en precisie dan jouw touchpad. Het kleine formaat is ideaal om mee te nemen.<\/p>\n","protected":false},"excerpt":{"rendered":"<p>Logitech M220 Silent Mouse<\/p>\n","protected":false},"featured_media":235965,"comment_status":"open","ping_status":"closed","template":"","meta":{"_et_pb_use_builder":"","_et_pb_old_content":"","_et_gb_content_width":""},"product_brand":[],"product_cat":[145,80],"product_tag":[277],"class_list":{"0":"post-233531","1":"product","2":"type-product","3":"status-publish","4":"has-post-thumbnail","6":"product_cat-muizen","7":"product_cat-invoerapparaten","8":"product_tag-new","10":"first","11":"instock","12":"taxable","13":"shipping-taxable","14":"purchasable","15":"product-type-simple"},"_links":{"self":[{"href":"https:\/\/camera.ictwello.nl\/index.php?rest_route=\/wp\/v2\/product\/233531","targetHints":{"allow":["GET"]}}],"collection":[{"href":"https:\/\/camera.ictwello.nl\/index.php?rest_route=\/wp\/v2\/product"}],"about":[{"href":"https:\/\/camera.ictwello.nl\/index.php?rest_route=\/wp\/v2\/types\/product"}],"replies":[{"embeddable":true,"href":"https:\/\/camera.ictwello.nl\/index.php?rest_route=%2Fwp%2Fv2%2Fcomments&post=233531"}],"wp:featuredmedia":[{"embeddable":true,"href":"https:\/\/camera.ictwello.nl\/index.php?rest_route=\/wp\/v2\/media\/235965"}],"wp:attachment":[{"href":"https:\/\/camera.ictwello.nl\/index.php?rest_route=%2Fwp%2Fv2%2Fmedia&parent=233531"}],"wp:term":[{"taxonomy":"product_brand","embeddable":true,"href":"https:\/\/camera.ictwello.nl\/index.php?rest_route=%2Fwp%2Fv2%2Fproduct_brand&post=233531"},{"taxonomy":"product_cat","embeddable":true,"href":"https:\/\/camera.ictwello.nl\/index.php?rest_route=%2Fwp%2Fv2%2Fproduct_cat&post=233531"},{"taxonomy":"product_tag","embeddable":true,"href":"https:\/\/camera.ictwello.nl\/index.php?rest_route=%2Fwp%2Fv2%2Fproduct_tag&post=233531"}],"curies":[{"name":"wp","href":"https:\/\/api.w.org\/{rel}","templated":true}]}}