{"id":233565,"date":"2023-05-10T09:21:45","date_gmt":"2023-05-10T08:21:45","guid":{"rendered":"https:\/\/camera.ictwello.nl\/product\/logitech-usb-unifying-receiver-usb-ontvanger\/"},"modified":"2023-05-10T10:41:22","modified_gmt":"2023-05-10T09:41:22","slug":"logitech-usb-unifying-receiver-usb-ontvanger","status":"publish","type":"product","link":"https:\/\/camera.ictwello.nl\/?product=logitech-usb-unifying-receiver-usb-ontvanger","title":{"rendered":"Logitech USB Unifying Receiver USB-ontvanger"},"content":{"rendered":"<p>USB-ontvanger voor gebruik met een Unifying-muis of toetsenbord.<\/p>\n<p>Sluit met \u00e9\u00e9n Unifying-ontvanger tot 6 compatibele toetsenborden en muizen op \u00e9\u00e9n computer aan. Je hoeft niet langer met meerdere USB-ontvangers te worstelen.<\/p>\n<p>Gebruik deze zelfstandige Unifying-USB-ontvanger om een verloren ontvanger te vervangen. Deze ontvanger is compatibel met alle Logitech Unifying-producten (let op het Unifying-logo op compatibele producten)<\/p>\n<p>Gebruik een extra Unifying-ontvanger om een Easy-Switch-muis of -toetsenbord (of beide) op een tweede computer aan te sluiten. Schakel dan met \u00e9\u00e9n druk op de knop tussen de twee computers om effici\u00ebnt te multitasken. De ontvanger is ook een uitstekende add-on voor jouw Logitech Flow-installatie.<\/p>\n<p>De geavanceerde draadloze 2.4GHz-technologie biedt een krachtige, betrouwbare verbinding met een bereik van 10 meter, vrijwel zonder vertragingen of uitval.<\/p>\n","protected":false},"excerpt":{"rendered":"<p>Logitech USB Unifying Receiver USB-ontvanger<\/p>\n","protected":false},"featured_media":236003,"comment_status":"open","ping_status":"closed","template":"","meta":{"_et_pb_use_builder":"","_et_pb_old_content":"","_et_gb_content_width":""},"product_brand":[],"product_cat":[192,81],"product_tag":[277],"class_list":{"0":"post-233565","1":"product","2":"type-product","3":"status-publish","4":"has-post-thumbnail","6":"product_cat-toetsenbordaccessoires","7":"product_cat-accessoires-2","8":"product_tag-new","10":"first","11":"outofstock","12":"taxable","13":"shipping-taxable","14":"purchasable","15":"product-type-simple"},"_links":{"self":[{"href":"https:\/\/camera.ictwello.nl\/index.php?rest_route=\/wp\/v2\/product\/233565","targetHints":{"allow":["GET"]}}],"collection":[{"href":"https:\/\/camera.ictwello.nl\/index.php?rest_route=\/wp\/v2\/product"}],"about":[{"href":"https:\/\/camera.ictwello.nl\/index.php?rest_route=\/wp\/v2\/types\/product"}],"replies":[{"embeddable":true,"href":"https:\/\/camera.ictwello.nl\/index.php?rest_route=%2Fwp%2Fv2%2Fcomments&post=233565"}],"wp:featuredmedia":[{"embeddable":true,"href":"https:\/\/camera.ictwello.nl\/index.php?rest_route=\/wp\/v2\/media\/236003"}],"wp:attachment":[{"href":"https:\/\/camera.ictwello.nl\/index.php?rest_route=%2Fwp%2Fv2%2Fmedia&parent=233565"}],"wp:term":[{"taxonomy":"product_brand","embeddable":true,"href":"https:\/\/camera.ictwello.nl\/index.php?rest_route=%2Fwp%2Fv2%2Fproduct_brand&post=233565"},{"taxonomy":"product_cat","embeddable":true,"href":"https:\/\/camera.ictwello.nl\/index.php?rest_route=%2Fwp%2Fv2%2Fproduct_cat&post=233565"},{"taxonomy":"product_tag","embeddable":true,"href":"https:\/\/camera.ictwello.nl\/index.php?rest_route=%2Fwp%2Fv2%2Fproduct_tag&post=233565"}],"curies":[{"name":"wp","href":"https:\/\/api.w.org\/{rel}","templated":true}]}}