{"id":233634,"date":"2023-05-10T09:22:29","date_gmt":"2023-05-10T08:22:29","guid":{"rendered":"https:\/\/camera.ictwello.nl\/product\/logitech-meetup-zwart-3840-x-2160-pixels-30-fps\/"},"modified":"2023-05-10T10:43:22","modified_gmt":"2023-05-10T09:43:22","slug":"logitech-meetup-zwart-3840-x-2160-pixels-30-fps","status":"publish","type":"product","link":"https:\/\/camera.ictwello.nl\/?product=logitech-meetup-zwart-3840-x-2160-pixels-30-fps","title":{"rendered":"Logitech MeetUp Zwart 3840 x 2160 Pixels 30 fps"},"content":{"rendered":"<p>Logitech MeetUp<\/p>\n<p>&#8220;Betere meeting voor een betere wereld&#8221;<br \/>\nBij aankoop van MeetUp draagt Logitech bij aan onderwijsprojecten van UNICEF.<\/p>\n<p>MeetUp is de beste ConferenceCam van Logitech ontworpen voor kleine vergaderruimtes en teamruimtes. Met een superbreed gezichtsveld van 120\u00b0 dat de hele ruimte omvat, is elke plaats dankzij MeetUp duidelijk zichtbaar. Gemotoriseerd pannen\/kantelen breidt het gezichtsveld nog uit tot 175\u00b0. De lens met lage vervorming, ontworpen door Logitech, UltraHD 4K-optics en drie cameravoorinstellingen bieden uitzonderlijke videokwaliteit. Drie microfoons met horizontaal gerichte straalvorming en een speciaal aangepaste speaker werken optimaal voor de akoestiek in teamruimtes. Stemmen van mensen worden geassocieerd met hoe ze eruit zien. Met de audio vooraan in de ruimte biedt MeetUp een intu\u00eftieve en coherente luisterervaring. Het compacte alles-in-\u00e9\u00e9n ontwerp van MeetUp beperkt de wirwar van kabels, het is USB plug-and-play en werkt meteen uit de doos met alle softwaretoepassingen voor videovergaderen en cloudservice, ook degene die u al gebruikt.<\/p>\n<p>Product features<\/p>\n<p>Superbreed gezichtsveld van 120\u00b0<br \/>\nMeetUp heeft het breedste gezichtsveld van alle Logitech-oplossingen voor videovergaderen, waardoor u iedereen in de ruimte kunt zien, zelfs als ze dicht bij de camera of aan de kant van de ruimte zitten.<\/p>\n<p>Ultra HD 4K-beeldsensor<br \/>\nDe camera ondersteunt verschillende resoluties, waaronder 4K (Ultra HD), 1080p (Full HD) en 720p (HD) om de kwaliteit van uw toepassing en monitor optimaal te ondersteunen.<\/p>\n<p>Speciaal aangepaste speaker met 3 microfoons<br \/>\nDe drie dwarse, alzijdig gerichte microfoons met straalvorming, geluids- en echo-onderdrukking (plus een speciaal afgestemde speaker) zijn speciaal geoptimaliseerd voor kleine vergaderruimtes. De microfoons zijn Microsoft Cortana\u00ae-gecertificeerd voor het nauwkeurig herkennen van spraakopdrachten met elk Windows 10-systeem.<\/p>\n<p>Alles-in-\u00e9\u00e9n ontwerp<br \/>\nDe compacte alles-in-\u00e9\u00e9n vorm neemt minder ruimte in beslag en beperkt de wirwar van kabels.<\/p>\n<p>Vlijmscherpe optics<br \/>\nDe geavanceerde lenstechnologie van Logitech levert buitengewone kwaliteit met voortreffelijke resolutie, snelheid, soepelheid, kleurbalans en detail, en zorgt er zo voor dat face-to-face samenwerking het beste alternatief is voor fysieke aanwezigheid.<\/p>\n","protected":false},"excerpt":{"rendered":"<p>Logitech MeetUp ConferenceCam  Zwart 4K incl mic<\/p>\n","protected":false},"featured_media":236083,"comment_status":"open","ping_status":"closed","template":"","meta":{"_et_pb_use_builder":"","_et_pb_old_content":"","_et_gb_content_width":""},"product_brand":[],"product_cat":[234,75],"product_tag":[277],"class_list":{"0":"post-233634","1":"product","2":"type-product","3":"status-publish","4":"has-post-thumbnail","6":"product_cat-cameras-voor-videoconferentie","7":"product_cat-beeld-en-geluid","8":"product_tag-new","10":"first","11":"instock","12":"taxable","13":"shipping-taxable","14":"purchasable","15":"product-type-simple"},"_links":{"self":[{"href":"https:\/\/camera.ictwello.nl\/index.php?rest_route=\/wp\/v2\/product\/233634","targetHints":{"allow":["GET"]}}],"collection":[{"href":"https:\/\/camera.ictwello.nl\/index.php?rest_route=\/wp\/v2\/product"}],"about":[{"href":"https:\/\/camera.ictwello.nl\/index.php?rest_route=\/wp\/v2\/types\/product"}],"replies":[{"embeddable":true,"href":"https:\/\/camera.ictwello.nl\/index.php?rest_route=%2Fwp%2Fv2%2Fcomments&post=233634"}],"wp:featuredmedia":[{"embeddable":true,"href":"https:\/\/camera.ictwello.nl\/index.php?rest_route=\/wp\/v2\/media\/236083"}],"wp:attachment":[{"href":"https:\/\/camera.ictwello.nl\/index.php?rest_route=%2Fwp%2Fv2%2Fmedia&parent=233634"}],"wp:term":[{"taxonomy":"product_brand","embeddable":true,"href":"https:\/\/camera.ictwello.nl\/index.php?rest_route=%2Fwp%2Fv2%2Fproduct_brand&post=233634"},{"taxonomy":"product_cat","embeddable":true,"href":"https:\/\/camera.ictwello.nl\/index.php?rest_route=%2Fwp%2Fv2%2Fproduct_cat&post=233634"},{"taxonomy":"product_tag","embeddable":true,"href":"https:\/\/camera.ictwello.nl\/index.php?rest_route=%2Fwp%2Fv2%2Fproduct_tag&post=233634"}],"curies":[{"name":"wp","href":"https:\/\/api.w.org\/{rel}","templated":true}]}}