{"id":234082,"date":"2023-05-10T09:26:51","date_gmt":"2023-05-10T08:26:51","guid":{"rendered":"https:\/\/camera.ictwello.nl\/product\/nedis-wifipo110fbk-smart-plug-3680-w-zwart\/"},"modified":"2023-05-10T13:36:13","modified_gmt":"2023-05-10T12:36:13","slug":"nedis-wifipo110fbk-smart-plug-3680-w-zwart","status":"publish","type":"product","link":"https:\/\/camera.ictwello.nl\/?product=nedis-wifipo110fbk-smart-plug-3680-w-zwart","title":{"rendered":"Nedis WIFIPO110FBK smart plug 3680 W Zwart"},"content":{"rendered":"<p>Bedien elektrische apparaten op afstand door ze simpelweg in dit draadloze Nedis smart stopcontact te steken en via jouw Wi-Fi-router te verbinden met jouw smartphone of tablet.<\/p>\n<p>Je hoeft geen technisch genie of elektricien te zijn om jouw ingeplugde apps en apparaten te bedienen en te automatiseren. In feite heb je alleen een slim stopcontact en je Wi-Fi-router nodig. Met de intu\u00eftieve app kun je apparaten op afstand en automatisch in- en uitschakelen. Het kan zelfs worden gebruikt in combinatie met stembedieningssystemen zoals Amazon Alexa of Google Home.<\/p>\n<p>Dit slimme stopcontact is beschermd tegen regen met zijn spatwaterdichte behuizing (IP44 wanneer niet in gebruik) en is geschikt voor temperaturen van -10 tot 40 \u00b0C.<\/p>\n<p>Stel schema&#8217;s in voor de stekker om apparaten in te schakelen of verbind ze met andere om sfeervolle sc\u00e8nes te cre\u00ebren die met \u00e9\u00e9n commando of druk op de knop kunnen worden geactiveerd.<\/p>\n<p>Ontdek een breed en groeiend assortiment producten &#8211; zoals lampen, schakelaars, stopcontacten, sensoren en camera&#8217;s &#8211; die allemaal via een gebruiksvriendelijke en intu\u00eftieve app kunnen worden bediend. Met voice control functies ondersteund door Amazon Alexa en Google Home, en niets meer dan jouw bestaande Wi-Fi netwerk, is dit de quintessenti\u00eble verbonden smart home gemakkelijk gemaakt.<\/p>\n<p>Of je nu op zoek bent naar een enkele slimme lamp of stopcontact, of jouw hele huis wilt automatiseren, ontdek hoe toegankelijk slimme technologie vandaag de dag is.<\/p>\n","protected":false},"excerpt":{"rendered":"<p>Nedis WIFIPO110FBK smart plug 3680 W Zwart<\/p>\n","protected":false},"featured_media":237858,"comment_status":"open","ping_status":"closed","template":"","meta":{"_et_pb_use_builder":"","_et_pb_old_content":"","_et_gb_content_width":""},"product_brand":[],"product_cat":[261,73],"product_tag":[277],"class_list":{"0":"post-234082","1":"product","2":"type-product","3":"status-publish","4":"has-post-thumbnail","6":"product_cat-smart-plugs","7":"product_cat-domotica","8":"product_tag-new","10":"first","11":"outofstock","12":"taxable","13":"shipping-taxable","14":"purchasable","15":"product-type-simple"},"_links":{"self":[{"href":"https:\/\/camera.ictwello.nl\/index.php?rest_route=\/wp\/v2\/product\/234082","targetHints":{"allow":["GET"]}}],"collection":[{"href":"https:\/\/camera.ictwello.nl\/index.php?rest_route=\/wp\/v2\/product"}],"about":[{"href":"https:\/\/camera.ictwello.nl\/index.php?rest_route=\/wp\/v2\/types\/product"}],"replies":[{"embeddable":true,"href":"https:\/\/camera.ictwello.nl\/index.php?rest_route=%2Fwp%2Fv2%2Fcomments&post=234082"}],"wp:featuredmedia":[{"embeddable":true,"href":"https:\/\/camera.ictwello.nl\/index.php?rest_route=\/wp\/v2\/media\/237858"}],"wp:attachment":[{"href":"https:\/\/camera.ictwello.nl\/index.php?rest_route=%2Fwp%2Fv2%2Fmedia&parent=234082"}],"wp:term":[{"taxonomy":"product_brand","embeddable":true,"href":"https:\/\/camera.ictwello.nl\/index.php?rest_route=%2Fwp%2Fv2%2Fproduct_brand&post=234082"},{"taxonomy":"product_cat","embeddable":true,"href":"https:\/\/camera.ictwello.nl\/index.php?rest_route=%2Fwp%2Fv2%2Fproduct_cat&post=234082"},{"taxonomy":"product_tag","embeddable":true,"href":"https:\/\/camera.ictwello.nl\/index.php?rest_route=%2Fwp%2Fv2%2Fproduct_tag&post=234082"}],"curies":[{"name":"wp","href":"https:\/\/api.w.org\/{rel}","templated":true}]}}