{"id":234249,"date":"2023-05-10T09:32:17","date_gmt":"2023-05-10T08:32:17","guid":{"rendered":"https:\/\/camera.ictwello.nl\/product\/netgear-orbi-rbk352-ax1800-wifi-6-dual-band-mesh-system\/"},"modified":"2023-05-10T11:16:45","modified_gmt":"2023-05-10T10:16:45","slug":"netgear-orbi-rbk352-ax1800-wifi-6-dual-band-mesh-system","status":"publish","type":"product","link":"https:\/\/camera.ictwello.nl\/?product=netgear-orbi-rbk352-ax1800-wifi-6-dual-band-mesh-system","title":{"rendered":"NETGEAR Orbi RBK352 AX1800 WiFi 6 Dual-band Mesh System"},"content":{"rendered":"<p>NETGEAR Orbi Dual Band Mesh WiFi 6-systeem (RBK352) &#8211; router met 1 extra satelliet | Dekking tot 200 m2 en voor meer dan 30 apparaten | AX1800 WiFi 6 (tot 1,8 Gbps)<\/p>\n<p>WIFI 6 \u2013 STREAM ALLES MET EEN EPISCHE SNELHEID: Stream gelijktijdig ononderbroken films, games, videogesprekken of download\/draag bestanden over met een snelheid van 1,8 Gbps. Werkt met bestaande en nieuwe WiFi 6-apparaten zoals Iphone 11\/12, Galaxy Note 10 en Galaxy S10\/S20.<\/p>\n<p>GEEN PLEKKEN IN HUIS MEER ZONDER WIFI: Mesh WiFi-dekking voor grotere huizen van maximaal 200 m\u00b2 en voor meer dan 30 apparaten. Blijf verbonden terwijl je door je huis loopt en \u00e9\u00e9n netwerknaam gebruikt. Breid de dekking uit met 100 m\u00b2 met extra Orbi WiFi 6-satellieten (afzonderlijk verkrijgbaar).<\/p>\n<p>WERKT MET ALLE INTERNETPROVIDERS: Vervang je bestaande WiFi-router (aparte modem of gateway vereist). Compatibel met elke Internet Service Provider tot 1Gbps, inclusief kabel, satelliet, glasvezel, DSL en meer.<\/p>\n<p>EENVOUDIG IN TE STELLEN EN TE BEHEREN: Maakt verbinding met je bestaande modem en is in enkele minuten te configureren met de Orbi-app. Beheer je WiFi-instellingen op apparaat- en netwerkniveau, test je internetsnelheid, bekijk de snelheidsgeschiedenis en controleer het dataverbruik.<\/p>\n<p>BEKABELDE ETHERNET-POORTEN: Sluit computers, gameconsoles, streaming-spelers en andere bekabelde apparaten in de buurt aan op de 5 (3+2) Gigabit Ethernet-poorten op de router en satelliet.<\/p>\n<p>BOORDEVOL GEAVANCEERDE TECHNOLOGIE: OFDMA, MU-MIMO, 1024-QAM, Smart Connect voor \u00e9\u00e9n WiFi-naam en Beamforming-technologie\u00ebn. Ondersteunt alle draadloze WPA2-beveiligingsprotocollen. Inclusief WiFi-toegang voor gasten, DoS, firewall, VPN en meer.<\/p>\n","protected":false},"excerpt":{"rendered":"<p>NETGEAR Orbi RBK352 AX1800 WiFi 6 Dual-band Mesh System<\/p>\n","protected":false},"featured_media":237203,"comment_status":"open","ping_status":"closed","template":"","meta":{"_et_pb_use_builder":"","_et_pb_old_content":"","_et_gb_content_width":""},"product_brand":[],"product_cat":[161,78],"product_tag":[277],"class_list":{"0":"post-234249","1":"product","2":"type-product","3":"status-publish","4":"has-post-thumbnail","6":"product_cat-mesh-wifi-systemen","7":"product_cat-netwerk","8":"product_tag-new","10":"first","11":"instock","12":"taxable","13":"shipping-taxable","14":"purchasable","15":"product-type-simple"},"_links":{"self":[{"href":"https:\/\/camera.ictwello.nl\/index.php?rest_route=\/wp\/v2\/product\/234249","targetHints":{"allow":["GET"]}}],"collection":[{"href":"https:\/\/camera.ictwello.nl\/index.php?rest_route=\/wp\/v2\/product"}],"about":[{"href":"https:\/\/camera.ictwello.nl\/index.php?rest_route=\/wp\/v2\/types\/product"}],"replies":[{"embeddable":true,"href":"https:\/\/camera.ictwello.nl\/index.php?rest_route=%2Fwp%2Fv2%2Fcomments&post=234249"}],"wp:featuredmedia":[{"embeddable":true,"href":"https:\/\/camera.ictwello.nl\/index.php?rest_route=\/wp\/v2\/media\/237203"}],"wp:attachment":[{"href":"https:\/\/camera.ictwello.nl\/index.php?rest_route=%2Fwp%2Fv2%2Fmedia&parent=234249"}],"wp:term":[{"taxonomy":"product_brand","embeddable":true,"href":"https:\/\/camera.ictwello.nl\/index.php?rest_route=%2Fwp%2Fv2%2Fproduct_brand&post=234249"},{"taxonomy":"product_cat","embeddable":true,"href":"https:\/\/camera.ictwello.nl\/index.php?rest_route=%2Fwp%2Fv2%2Fproduct_cat&post=234249"},{"taxonomy":"product_tag","embeddable":true,"href":"https:\/\/camera.ictwello.nl\/index.php?rest_route=%2Fwp%2Fv2%2Fproduct_tag&post=234249"}],"curies":[{"name":"wp","href":"https:\/\/api.w.org\/{rel}","templated":true}]}}