{"id":234255,"date":"2023-05-10T09:32:18","date_gmt":"2023-05-10T08:32:18","guid":{"rendered":"https:\/\/camera.ictwello.nl\/product\/nzxt-kraken-z63-processor-alles-in-een-vloeistofkoeler\/"},"modified":"2023-05-10T11:17:25","modified_gmt":"2023-05-10T10:17:25","slug":"nzxt-kraken-z63-processor-alles-in-een-vloeistofkoeler","status":"publish","type":"product","link":"https:\/\/camera.ictwello.nl\/?product=nzxt-kraken-z63-processor-alles-in-een-vloeistofkoeler","title":{"rendered":"NZXT Kraken Z63 Processor Alles-in-\u00e9\u00e9n vloeistofkoeler"},"content":{"rendered":"<p>NZXT Kraken Z63. Soort: Alles-in-\u00e9\u00e9n vloeistofkoeler, Maximum luchtstroom: 98,17 cfm, Minimum luchtdruk: 0,21 mmH2O, Maximum luchtdruk: 2,71 mmH2O<\/p>\n<p>COMPATIBLE SOCKET &#038; CPU<br \/>\nIntel: Socket LGA 1200, 115X, 1366, 2011, 2011-3, 2066<br \/>\nAMD:AMD Socket AM4, sTRX4*, TR4* (*Threadripper bracket not included)<\/p>\n","protected":false},"excerpt":{"rendered":"<p>NZXT Kraken Z63 CPU Cooler<\/p>\n","protected":false},"featured_media":237226,"comment_status":"open","ping_status":"closed","template":"","meta":{"_et_pb_use_builder":"","_et_pb_old_content":"","_et_gb_content_width":""},"product_brand":[],"product_cat":[91,70],"product_tag":[277],"class_list":{"0":"post-234255","1":"product","2":"type-product","3":"status-publish","4":"has-post-thumbnail","6":"product_cat-hardwarekoeling","7":"product_cat-componenten","8":"product_tag-new","10":"first","11":"outofstock","12":"taxable","13":"shipping-taxable","14":"purchasable","15":"product-type-simple"},"_links":{"self":[{"href":"https:\/\/camera.ictwello.nl\/index.php?rest_route=\/wp\/v2\/product\/234255","targetHints":{"allow":["GET"]}}],"collection":[{"href":"https:\/\/camera.ictwello.nl\/index.php?rest_route=\/wp\/v2\/product"}],"about":[{"href":"https:\/\/camera.ictwello.nl\/index.php?rest_route=\/wp\/v2\/types\/product"}],"replies":[{"embeddable":true,"href":"https:\/\/camera.ictwello.nl\/index.php?rest_route=%2Fwp%2Fv2%2Fcomments&post=234255"}],"wp:featuredmedia":[{"embeddable":true,"href":"https:\/\/camera.ictwello.nl\/index.php?rest_route=\/wp\/v2\/media\/237226"}],"wp:attachment":[{"href":"https:\/\/camera.ictwello.nl\/index.php?rest_route=%2Fwp%2Fv2%2Fmedia&parent=234255"}],"wp:term":[{"taxonomy":"product_brand","embeddable":true,"href":"https:\/\/camera.ictwello.nl\/index.php?rest_route=%2Fwp%2Fv2%2Fproduct_brand&post=234255"},{"taxonomy":"product_cat","embeddable":true,"href":"https:\/\/camera.ictwello.nl\/index.php?rest_route=%2Fwp%2Fv2%2Fproduct_cat&post=234255"},{"taxonomy":"product_tag","embeddable":true,"href":"https:\/\/camera.ictwello.nl\/index.php?rest_route=%2Fwp%2Fv2%2Fproduct_tag&post=234255"}],"curies":[{"name":"wp","href":"https:\/\/api.w.org\/{rel}","templated":true}]}}