{"id":234525,"date":"2023-05-10T09:35:22","date_gmt":"2023-05-10T08:35:22","guid":{"rendered":"https:\/\/camera.ictwello.nl\/product\/sharkoon-vg7-w-rgb-midi-tower-zwart\/"},"modified":"2023-05-10T10:29:23","modified_gmt":"2023-05-10T09:29:23","slug":"sharkoon-vg7-w-rgb-midi-tower-zwart","status":"publish","type":"product","link":"https:\/\/camera.ictwello.nl\/?product=sharkoon-vg7-w-rgb-midi-tower-zwart","title":{"rendered":"Sharkoon VG7-W RGB Midi Tower Zwart"},"content":{"rendered":"<p>De VG7-W RGB is een compacte ATX midi tower, gemaakt voor de prijsbewuste gamer. Het grote acryl window en de expressieve frontpaneel geven de behuizing een speels modern uiterlijk. Dit wordt gecombineerd met een uitzonderlijke airflow, van de drie voor ge\u00efnstalleerde 120 mm RGB led fans en bovenal de mesh grill in het frontpaneel, die zorgt voor een sterke inname van koele lucht.Kleurvolle highlights. De VG7-W RGB heeft twee vooraf ge\u00efnstalleerde fans in het frontpaneel en \u00e9\u00e9n fan op de achterkant, allemaal met adresseerbare RGB leds. Deze kunnen via het moederbord met adresseerbare led headers (pin configuratie 5V-D-coded-G of 5V-D-G worden geregeld. Als het moederbord deze header niet heeft, is er ook een handmatige controle optie aanwezig. Hiermee beschik je over veertien verlichting effecten welke je kan selecteren via de reset knop van de behuizing.Krachtig speels. Door de mesh grill van het frontpaneel, heeft de VG7-W RGB een vergrote luchtinname en daardoor een verbeterde airflow. De verschillende schuine elementen, vooral de led \u201cogen\u201d boven op het frontpaneel, geven de behuizing een sterk expressief uiterlijk, welke gamers mooi zullen vinden.Hardware in zicht. De VG7-W RGB is uitgerust met een groot acryl window voor het tonen van de ge\u00efnstalleerde hardware. De window is niet enkel hiervoor geschikt, maar ook voor het tonen van showy interne aanpassingen en verlichte componenten.Compact behuizing ontwerp. De behuizing is zo compact als mogelijk gehouden zonder concessies te maken met betrekking tot het plaatsen van hardware. Ondanks dat de behuizing onder het bureau past, is er plaats voor grote grafische kaarten tot 37,5 cm, tot vier SSDs en tot drie harde schijven, en een optische drive. Met het ontwerpen hebben we onnodige extra\u2019s weglaten.Tot ziens stof. Om ervoor te zorgen dat de ge\u00efnstalleerde hardware optimaal wordt beschermt, beschikt de VG7-W RGB over verwijderbare en dus gemakkelijk te reinigen stoffilters op de luchtinlaatzones. Indien gewenst kan het filter voor de voorste fans worden verwijderd om de sfeer van de verlichting te veranderen.<\/p>\n","protected":false},"excerpt":{"rendered":"<p>Case Sharkoon VG7-W RGB Midi Tower Zwart<\/p>\n","protected":false},"featured_media":235572,"comment_status":"open","ping_status":"closed","template":"","meta":{"_et_pb_use_builder":"","_et_pb_old_content":"","_et_gb_content_width":""},"product_brand":[],"product_cat":[98,70],"product_tag":[277],"class_list":{"0":"post-234525","1":"product","2":"type-product","3":"status-publish","4":"has-post-thumbnail","6":"product_cat-computerbehuizingen","7":"product_cat-componenten","8":"product_tag-new","10":"first","11":"outofstock","12":"taxable","13":"shipping-taxable","14":"purchasable","15":"product-type-simple"},"_links":{"self":[{"href":"https:\/\/camera.ictwello.nl\/index.php?rest_route=\/wp\/v2\/product\/234525","targetHints":{"allow":["GET"]}}],"collection":[{"href":"https:\/\/camera.ictwello.nl\/index.php?rest_route=\/wp\/v2\/product"}],"about":[{"href":"https:\/\/camera.ictwello.nl\/index.php?rest_route=\/wp\/v2\/types\/product"}],"replies":[{"embeddable":true,"href":"https:\/\/camera.ictwello.nl\/index.php?rest_route=%2Fwp%2Fv2%2Fcomments&post=234525"}],"wp:featuredmedia":[{"embeddable":true,"href":"https:\/\/camera.ictwello.nl\/index.php?rest_route=\/wp\/v2\/media\/235572"}],"wp:attachment":[{"href":"https:\/\/camera.ictwello.nl\/index.php?rest_route=%2Fwp%2Fv2%2Fmedia&parent=234525"}],"wp:term":[{"taxonomy":"product_brand","embeddable":true,"href":"https:\/\/camera.ictwello.nl\/index.php?rest_route=%2Fwp%2Fv2%2Fproduct_brand&post=234525"},{"taxonomy":"product_cat","embeddable":true,"href":"https:\/\/camera.ictwello.nl\/index.php?rest_route=%2Fwp%2Fv2%2Fproduct_cat&post=234525"},{"taxonomy":"product_tag","embeddable":true,"href":"https:\/\/camera.ictwello.nl\/index.php?rest_route=%2Fwp%2Fv2%2Fproduct_tag&post=234525"}],"curies":[{"name":"wp","href":"https:\/\/api.w.org\/{rel}","templated":true}]}}