{"id":234729,"date":"2023-05-10T09:37:23","date_gmt":"2023-05-10T08:37:23","guid":{"rendered":"https:\/\/camera.ictwello.nl\/product\/tp-link-archer-tx50e-wlan-bluetooth-2402-mbit-s\/"},"modified":"2023-05-10T13:32:24","modified_gmt":"2023-05-10T12:32:24","slug":"tp-link-archer-tx50e-wlan-bluetooth-2402-mbit-s","status":"publish","type":"product","link":"https:\/\/camera.ictwello.nl\/?product=tp-link-archer-tx50e-wlan-bluetooth-2402-mbit-s","title":{"rendered":"TP-Link Archer TX50E WLAN \/ Bluetooth 2402 Mbit\/s"},"content":{"rendered":"<p>De allernieuwste Wi-Fi-standaard, Wi-Fi 6, biedt extreme snelheid, ultralage vertraging,<br \/>\nen ononderbroken connectiviteit zodat je geniet van snellere downloads, soepeler streamen en meer meeslepende gaming.<\/p>\n<p>Wi-Fi 6 wordt geleverd met 1024-QAM en 160 MHz bandbreedte, voor krachtige, continue Wi-Fi.\u2021 Bandbreedte-intensieve toepassingen zoals VR vereisen hoge snelheden, die Wi-Fi 6 levert-3\u00d7 sneller dan Wi-Fi 5.\u00a7 Plaats de Archer TX50E gewoon in jouw PC voor volledig meeslepende VR-ervaringen.<\/p>\n<p>Het revolutionaire OFDMA vermindert de latentie met maximaal 75% voor ultrasnelle gaming, ononderbroken videochatten en naadloze live streaming.<\/p>\n<p>Twee krachtige signaalversterkende high-gain antennes breiden de bestaande Wi-Fi-dekking aanzienlijk uit en bieden een snelle, soepele online ervaring van verder weg.<\/p>\n<p>De nieuwste Bluetooth 5.0 Technologie, bereikt snelheden 2\u00d7 sneller en dekking 4\u00d7 breder dan Bluetooth 4.2, om perfect te co\u00f6rdineren met jouw game controllers, hoofdtelefoons, toetsenborden en andere Bluetooth-apparaten.<\/p>\n<p>WPA3, de nieuwste netwerkbeveiligingsstandaard, biedt een veiligere en ge\u00efndividualiseerde versleuteling in persoonlijke wachtwoordbeveiliging, beschermt jouw netwerk tegen draadloos hacken en zorgt ervoor dat jouw draadloze verbinding volledig veilig is tijdens het surfen op het web en online winkelen.<\/p>\n<p>OFDMA cre\u00ebert afzonderlijke kanaalsegmenten voor apparaten om te communiceren, terwijl MU-MIMO ervoor zorgt dat meerdere clients tegelijkertijd gegevens kunnen ontvangen. De combinatie van deze technologie\u00ebn garandeert dat jouw pc een sterke, effici\u00ebnte en vertragingsvrije draadloze verbinding krijgt op hetzelfde moment dat al jouw andere apparaten communiceren.<\/p>\n<p>Een aangepast koellichaam verbetert de stabiliteit van de verbinding door thermische energie effici\u00ebnt af te voeren. Bovendien voorkomt het vergulden van elke aannemer oxidatie. De aandacht voor elk detail zorgt ervoor dat jouw adapter is gemaakt voor ultieme prestaties.<\/p>\n<p>Connectiviteitstechnologie: Draadloos, Hostinterface: PCI Express, Interface: WLAN \/ Bluetooth. Maximale overdrachtssnelheid van gegevens: 2402 Mbit\/s, Wifi-standaard: Wi-Fi 6 (802.11ax), Wifi-band: Dual-band (2.4 GHz \/ 5 GHz). Kleur van het product: Zwart, Metallic<\/p>\n","protected":false},"excerpt":{"rendered":"<p>TP-Link Archer TX50E WLAN \/ Bluetooth 2402 Mbit\/s<\/p>\n","protected":false},"featured_media":236235,"comment_status":"open","ping_status":"closed","template":"","meta":{"_et_pb_use_builder":"","_et_pb_old_content":"","_et_gb_content_width":""},"product_brand":[],"product_cat":[168,78],"product_tag":[277],"class_list":{"0":"post-234729","1":"product","2":"type-product","3":"status-publish","4":"has-post-thumbnail","6":"product_cat-netwerkkaarten","7":"product_cat-netwerk","8":"product_tag-new","10":"first","11":"outofstock","12":"taxable","13":"shipping-taxable","14":"purchasable","15":"product-type-simple"},"_links":{"self":[{"href":"https:\/\/camera.ictwello.nl\/index.php?rest_route=\/wp\/v2\/product\/234729","targetHints":{"allow":["GET"]}}],"collection":[{"href":"https:\/\/camera.ictwello.nl\/index.php?rest_route=\/wp\/v2\/product"}],"about":[{"href":"https:\/\/camera.ictwello.nl\/index.php?rest_route=\/wp\/v2\/types\/product"}],"replies":[{"embeddable":true,"href":"https:\/\/camera.ictwello.nl\/index.php?rest_route=%2Fwp%2Fv2%2Fcomments&post=234729"}],"wp:featuredmedia":[{"embeddable":true,"href":"https:\/\/camera.ictwello.nl\/index.php?rest_route=\/wp\/v2\/media\/236235"}],"wp:attachment":[{"href":"https:\/\/camera.ictwello.nl\/index.php?rest_route=%2Fwp%2Fv2%2Fmedia&parent=234729"}],"wp:term":[{"taxonomy":"product_brand","embeddable":true,"href":"https:\/\/camera.ictwello.nl\/index.php?rest_route=%2Fwp%2Fv2%2Fproduct_brand&post=234729"},{"taxonomy":"product_cat","embeddable":true,"href":"https:\/\/camera.ictwello.nl\/index.php?rest_route=%2Fwp%2Fv2%2Fproduct_cat&post=234729"},{"taxonomy":"product_tag","embeddable":true,"href":"https:\/\/camera.ictwello.nl\/index.php?rest_route=%2Fwp%2Fv2%2Fproduct_tag&post=234729"}],"curies":[{"name":"wp","href":"https:\/\/api.w.org\/{rel}","templated":true}]}}